{"id":3794,"date":"2025-04-30T17:47:15","date_gmt":"2025-04-30T15:47:15","guid":{"rendered":"https:\/\/providenciastudio.com\/studio\/"},"modified":"2025-12-01T20:03:55","modified_gmt":"2025-12-01T19:03:55","slug":"studio","status":"publish","type":"page","link":"https:\/\/providenciastudio.com\/ca\/studio\/","title":{"rendered":"Studio"},"content":{"rendered":"\t\t<div data-elementor-type=\"wp-page\" data-elementor-id=\"3794\" class=\"elementor elementor-3794 elementor-42\" data-elementor-post-type=\"page\">\n\t\t\t\t<div class=\"elementor-element elementor-element-d71db30 e-con-full e-flex e-con e-parent\" data-id=\"d71db30\" data-element_type=\"container\" data-e-type=\"container\">\n\t\t\t\t<div class=\"elementor-element elementor-element-f15891c elementor-widget__width-initial elementor-widget elementor-widget-heading\" data-id=\"f15891c\" data-element_type=\"widget\" data-e-type=\"widget\" data-widget_type=\"heading.default\">\n\t\t\t\t<div class=\"elementor-widget-container\">\n\t\t\t\t\t<p class=\"elementor-heading-title elementor-size-default\">Provid\u00e8ncia \u00e9s un estudi dedicat al disseny i la producci\u00f3, <br>enfocat al branding, la direcci\u00f3 d'art i el disseny espacial <br>i experiencial per a empreses i projectes culturals.<br>Amb una visi\u00f3 honesta, precisa i meticulosa, l'estudi<br>ofereix un servei que cobreix totes les necessitats <br>dels seus clients o ag\u00e8ncies associades.<br>A m\u00e9s, compta amb un extens equip de col\u00b7laboradors <br>en \u00e0rees constructives i creatives, cosa que li permet <br>oferir solucions completes i personalitzades.\n<\/p>\t\t\t\t<\/div>\n\t\t\t\t<\/div>\n\t\t\t\t<div class=\"elementor-element elementor-element-31b47d8 elementor-widget elementor-widget-text-editor\" data-id=\"31b47d8\" data-element_type=\"widget\" data-e-type=\"widget\" data-widget_type=\"text-editor.default\">\n\t\t\t\t<div class=\"elementor-widget-container\">\n\t\t\t\t\t\t\t\t\t<p><span style=\"text-decoration: underline;\"><a href=\"mailto:info@providenciastudio.com\">Email<\/a><\/span><\/p>\t\t\t\t\t\t\t\t<\/div>\n\t\t\t\t<\/div>\n\t\t\t\t<\/div>\n\t\t\t\t<\/div>\n\t\t","protected":false},"excerpt":{"rendered":"<p>Provid\u00e8ncia \u00e9s un estudi dedicat al disseny i la producci\u00f3, enfocat al branding, la direcci\u00f3 d&#8217;art i el disseny espacial i experiencial per a empreses i projectes culturals.Amb una visi\u00f3 honesta, precisa i meticulosa, l&#8217;estudiofereix un servei que cobreix totes les necessitats dels seus clients o ag\u00e8ncies associades.A m\u00e9s, compta amb un extens equip de [&hellip;]<\/p>\n","protected":false},"author":1,"featured_media":0,"parent":0,"menu_order":0,"comment_status":"closed","ping_status":"closed","template":"","meta":{"_acf_changed":false,"footnotes":""},"class_list":["post-3794","page","type-page","status-publish","hentry"],"acf":[],"yoast_head":"<!-- This site is optimized with the Yoast SEO plugin v27.3 - https:\/\/yoast.com\/product\/yoast-seo-wordpress\/ -->\n<title>Studio - Providencia<\/title>\n<meta name=\"robots\" content=\"index, follow, max-snippet:-1, max-image-preview:large, max-video-preview:-1\" \/>\n<link rel=\"canonical\" href=\"https:\/\/providenciastudio.com\/ca\/studio\/\" \/>\n<meta property=\"og:locale\" content=\"ca_ES\" \/>\n<meta property=\"og:type\" content=\"article\" \/>\n<meta property=\"og:title\" content=\"Studio - Providencia\" \/>\n<meta property=\"og:description\" content=\"Provid\u00e8ncia \u00e9s un estudi dedicat al disseny i la producci\u00f3, enfocat al branding, la direcci\u00f3 d&#8217;art i el disseny espacial i experiencial per a empreses i projectes culturals.Amb una visi\u00f3 honesta, precisa i meticulosa, l&#8217;estudiofereix un servei que cobreix totes les necessitats dels seus clients o ag\u00e8ncies associades.A m\u00e9s, compta amb un extens equip de [&hellip;]\" \/>\n<meta property=\"og:url\" content=\"https:\/\/providenciastudio.com\/ca\/studio\/\" \/>\n<meta property=\"og:site_name\" content=\"Providencia\" \/>\n<meta property=\"article:modified_time\" content=\"2025-12-01T19:03:55+00:00\" \/>\n<meta name=\"twitter:card\" content=\"summary_large_image\" \/>\n<meta name=\"twitter:label1\" content=\"Temps estimat de lectura\" \/>\n\t<meta name=\"twitter:data1\" content=\"1 minut\" \/>\n<script type=\"application\/ld+json\" class=\"yoast-schema-graph\">{\"@context\":\"https:\\\/\\\/schema.org\",\"@graph\":[{\"@type\":\"WebPage\",\"@id\":\"https:\\\/\\\/providenciastudio.com\\\/ca\\\/studio\\\/\",\"url\":\"https:\\\/\\\/providenciastudio.com\\\/ca\\\/studio\\\/\",\"name\":\"Studio - Providencia\",\"isPartOf\":{\"@id\":\"https:\\\/\\\/providenciastudio.com\\\/ca\\\/#website\"},\"datePublished\":\"2025-04-30T15:47:15+00:00\",\"dateModified\":\"2025-12-01T19:03:55+00:00\",\"breadcrumb\":{\"@id\":\"https:\\\/\\\/providenciastudio.com\\\/ca\\\/studio\\\/#breadcrumb\"},\"inLanguage\":\"ca\",\"potentialAction\":[{\"@type\":\"ReadAction\",\"target\":[\"https:\\\/\\\/providenciastudio.com\\\/ca\\\/studio\\\/\"]}]},{\"@type\":\"BreadcrumbList\",\"@id\":\"https:\\\/\\\/providenciastudio.com\\\/ca\\\/studio\\\/#breadcrumb\",\"itemListElement\":[{\"@type\":\"ListItem\",\"position\":1,\"name\":\"Portada\",\"item\":\"https:\\\/\\\/providenciastudio.com\\\/ca\\\/providencia\\\/\"},{\"@type\":\"ListItem\",\"position\":2,\"name\":\"Studio\"}]},{\"@type\":\"WebSite\",\"@id\":\"https:\\\/\\\/providenciastudio.com\\\/ca\\\/#website\",\"url\":\"https:\\\/\\\/providenciastudio.com\\\/ca\\\/\",\"name\":\"Providencia\",\"description\":\"\",\"publisher\":{\"@id\":\"https:\\\/\\\/providenciastudio.com\\\/ca\\\/#organization\"},\"potentialAction\":[{\"@type\":\"SearchAction\",\"target\":{\"@type\":\"EntryPoint\",\"urlTemplate\":\"https:\\\/\\\/providenciastudio.com\\\/ca\\\/?s={search_term_string}\"},\"query-input\":{\"@type\":\"PropertyValueSpecification\",\"valueRequired\":true,\"valueName\":\"search_term_string\"}}],\"inLanguage\":\"ca\"},{\"@type\":\"Organization\",\"@id\":\"https:\\\/\\\/providenciastudio.com\\\/ca\\\/#organization\",\"name\":\"Providencia\",\"url\":\"https:\\\/\\\/providenciastudio.com\\\/ca\\\/\",\"logo\":{\"@type\":\"ImageObject\",\"inLanguage\":\"ca\",\"@id\":\"https:\\\/\\\/providenciastudio.com\\\/ca\\\/#\\\/schema\\\/logo\\\/image\\\/\",\"url\":\"https:\\\/\\\/providenciastudio.com\\\/wp-content\\\/uploads\\\/2025\\\/09\\\/ProvidenciaStudio-logo.svg\",\"contentUrl\":\"https:\\\/\\\/providenciastudio.com\\\/wp-content\\\/uploads\\\/2025\\\/09\\\/ProvidenciaStudio-logo.svg\",\"width\":669,\"height\":103,\"caption\":\"Providencia\"},\"image\":{\"@id\":\"https:\\\/\\\/providenciastudio.com\\\/ca\\\/#\\\/schema\\\/logo\\\/image\\\/\"}}]}<\/script>\n<!-- \/ Yoast SEO plugin. -->","yoast_head_json":{"title":"Studio - Providencia","robots":{"index":"index","follow":"follow","max-snippet":"max-snippet:-1","max-image-preview":"max-image-preview:large","max-video-preview":"max-video-preview:-1"},"canonical":"https:\/\/providenciastudio.com\/ca\/studio\/","og_locale":"ca_ES","og_type":"article","og_title":"Studio - Providencia","og_description":"Provid\u00e8ncia \u00e9s un estudi dedicat al disseny i la producci\u00f3, enfocat al branding, la direcci\u00f3 d&#8217;art i el disseny espacial i experiencial per a empreses i projectes culturals.Amb una visi\u00f3 honesta, precisa i meticulosa, l&#8217;estudiofereix un servei que cobreix totes les necessitats dels seus clients o ag\u00e8ncies associades.A m\u00e9s, compta amb un extens equip de [&hellip;]","og_url":"https:\/\/providenciastudio.com\/ca\/studio\/","og_site_name":"Providencia","article_modified_time":"2025-12-01T19:03:55+00:00","twitter_card":"summary_large_image","twitter_misc":{"Temps estimat de lectura":"1 minut"},"schema":{"@context":"https:\/\/schema.org","@graph":[{"@type":"WebPage","@id":"https:\/\/providenciastudio.com\/ca\/studio\/","url":"https:\/\/providenciastudio.com\/ca\/studio\/","name":"Studio - Providencia","isPartOf":{"@id":"https:\/\/providenciastudio.com\/ca\/#website"},"datePublished":"2025-04-30T15:47:15+00:00","dateModified":"2025-12-01T19:03:55+00:00","breadcrumb":{"@id":"https:\/\/providenciastudio.com\/ca\/studio\/#breadcrumb"},"inLanguage":"ca","potentialAction":[{"@type":"ReadAction","target":["https:\/\/providenciastudio.com\/ca\/studio\/"]}]},{"@type":"BreadcrumbList","@id":"https:\/\/providenciastudio.com\/ca\/studio\/#breadcrumb","itemListElement":[{"@type":"ListItem","position":1,"name":"Portada","item":"https:\/\/providenciastudio.com\/ca\/providencia\/"},{"@type":"ListItem","position":2,"name":"Studio"}]},{"@type":"WebSite","@id":"https:\/\/providenciastudio.com\/ca\/#website","url":"https:\/\/providenciastudio.com\/ca\/","name":"Providencia","description":"","publisher":{"@id":"https:\/\/providenciastudio.com\/ca\/#organization"},"potentialAction":[{"@type":"SearchAction","target":{"@type":"EntryPoint","urlTemplate":"https:\/\/providenciastudio.com\/ca\/?s={search_term_string}"},"query-input":{"@type":"PropertyValueSpecification","valueRequired":true,"valueName":"search_term_string"}}],"inLanguage":"ca"},{"@type":"Organization","@id":"https:\/\/providenciastudio.com\/ca\/#organization","name":"Providencia","url":"https:\/\/providenciastudio.com\/ca\/","logo":{"@type":"ImageObject","inLanguage":"ca","@id":"https:\/\/providenciastudio.com\/ca\/#\/schema\/logo\/image\/","url":"https:\/\/providenciastudio.com\/wp-content\/uploads\/2025\/09\/ProvidenciaStudio-logo.svg","contentUrl":"https:\/\/providenciastudio.com\/wp-content\/uploads\/2025\/09\/ProvidenciaStudio-logo.svg","width":669,"height":103,"caption":"Providencia"},"image":{"@id":"https:\/\/providenciastudio.com\/ca\/#\/schema\/logo\/image\/"}}]}},"_links":{"self":[{"href":"https:\/\/providenciastudio.com\/ca\/wp-json\/wp\/v2\/pages\/3794","targetHints":{"allow":["GET"]}}],"collection":[{"href":"https:\/\/providenciastudio.com\/ca\/wp-json\/wp\/v2\/pages"}],"about":[{"href":"https:\/\/providenciastudio.com\/ca\/wp-json\/wp\/v2\/types\/page"}],"author":[{"embeddable":true,"href":"https:\/\/providenciastudio.com\/ca\/wp-json\/wp\/v2\/users\/1"}],"replies":[{"embeddable":true,"href":"https:\/\/providenciastudio.com\/ca\/wp-json\/wp\/v2\/comments?post=3794"}],"version-history":[{"count":0,"href":"https:\/\/providenciastudio.com\/ca\/wp-json\/wp\/v2\/pages\/3794\/revisions"}],"wp:attachment":[{"href":"https:\/\/providenciastudio.com\/ca\/wp-json\/wp\/v2\/media?parent=3794"}],"curies":[{"name":"wp","href":"https:\/\/api.w.org\/{rel}","templated":true}]}}