{"id":3790,"date":"2025-05-02T12:45:35","date_gmt":"2025-05-02T10:45:35","guid":{"rendered":"https:\/\/providenciastudio.com\/serveis\/"},"modified":"2025-11-27T15:30:40","modified_gmt":"2025-11-27T14:30:40","slug":"serveis","status":"publish","type":"page","link":"https:\/\/providenciastudio.com\/ca\/serveis\/","title":{"rendered":"Serveis"},"content":{"rendered":"\t\t<div data-elementor-type=\"wp-page\" data-elementor-id=\"3790\" class=\"elementor elementor-3790 elementor-221\" data-elementor-post-type=\"page\">\n\t\t\t\t<div class=\"elementor-element elementor-element-84262d4 e-con-full e-flex e-con e-parent\" data-id=\"84262d4\" data-element_type=\"container\" data-e-type=\"container\">\n\t\t\t\t<div class=\"elementor-element elementor-element-b958a51 elementor-widget elementor-widget-heading\" data-id=\"b958a51\" data-element_type=\"widget\" data-e-type=\"widget\" data-widget_type=\"heading.default\">\n\t\t\t\t<div class=\"elementor-widget-container\">\n\t\t\t\t\t<h2 class=\"elementor-heading-title elementor-size-default\">Gesti\u00f3 de Projectes<\/h2>\t\t\t\t<\/div>\n\t\t\t\t<\/div>\n\t\t\t\t<div class=\"elementor-element elementor-element-137a616 elementor-widget elementor-widget-heading\" data-id=\"137a616\" data-element_type=\"widget\" data-e-type=\"widget\" data-widget_type=\"heading.default\">\n\t\t\t\t<div class=\"elementor-widget-container\">\n\t\t\t\t\t<h2 class=\"elementor-heading-title elementor-size-default\">Naming<\/h2>\t\t\t\t<\/div>\n\t\t\t\t<\/div>\n\t\t\t\t<div class=\"elementor-element elementor-element-3d06e83 elementor-widget elementor-widget-heading\" data-id=\"3d06e83\" data-element_type=\"widget\" data-e-type=\"widget\" data-widget_type=\"heading.default\">\n\t\t\t\t<div class=\"elementor-widget-container\">\n\t\t\t\t\t<h2 class=\"elementor-heading-title elementor-size-default\">Estrat\u00e8gia de Marca<\/h2>\t\t\t\t<\/div>\n\t\t\t\t<\/div>\n\t\t\t\t<div class=\"elementor-element elementor-element-86d7e2d elementor-widget elementor-widget-heading\" data-id=\"86d7e2d\" data-element_type=\"widget\" data-e-type=\"widget\" data-widget_type=\"heading.default\">\n\t\t\t\t<div class=\"elementor-widget-container\">\n\t\t\t\t\t<h2 class=\"elementor-heading-title elementor-size-default\">Identitat Visual<\/h2>\t\t\t\t<\/div>\n\t\t\t\t<\/div>\n\t\t\t\t<div class=\"elementor-element elementor-element-4529f22 elementor-widget elementor-widget-heading\" data-id=\"4529f22\" data-element_type=\"widget\" data-e-type=\"widget\" data-widget_type=\"heading.default\">\n\t\t\t\t<div class=\"elementor-widget-container\">\n\t\t\t\t\t<h2 class=\"elementor-heading-title elementor-size-default\">Aplicacions Gr\u00e0fiques<\/h2>\t\t\t\t<\/div>\n\t\t\t\t<\/div>\n\t\t\t\t<div class=\"elementor-element elementor-element-025e2af elementor-widget elementor-widget-heading\" data-id=\"025e2af\" data-element_type=\"widget\" data-e-type=\"widget\" data-widget_type=\"heading.default\">\n\t\t\t\t<div class=\"elementor-widget-container\">\n\t\t\t\t\t<h2 class=\"elementor-heading-title elementor-size-default\">Branding aplicat a l'espai<\/h2>\t\t\t\t<\/div>\n\t\t\t\t<\/div>\n\t\t\t\t<div class=\"elementor-element elementor-element-a867443 elementor-widget elementor-widget-heading\" data-id=\"a867443\" data-element_type=\"widget\" data-e-type=\"widget\" data-widget_type=\"heading.default\">\n\t\t\t\t<div class=\"elementor-widget-container\">\n\t\t\t\t\t<h2 class=\"elementor-heading-title elementor-size-default\">Disseny Espacial<\/h2>\t\t\t\t<\/div>\n\t\t\t\t<\/div>\n\t\t\t\t<div class=\"elementor-element elementor-element-3bbafb7 elementor-widget elementor-widget-heading\" data-id=\"3bbafb7\" data-element_type=\"widget\" data-e-type=\"widget\" data-widget_type=\"heading.default\">\n\t\t\t\t<div class=\"elementor-widget-container\">\n\t\t\t\t\t<h2 class=\"elementor-heading-title elementor-size-default\">Producci\u00f3 Executiva<\/h2>\t\t\t\t<\/div>\n\t\t\t\t<\/div>\n\t\t\t\t<div class=\"elementor-element elementor-element-f2ecbc7 elementor-widget elementor-widget-heading\" data-id=\"f2ecbc7\" data-element_type=\"widget\" data-e-type=\"widget\" data-widget_type=\"heading.default\">\n\t\t\t\t<div class=\"elementor-widget-container\">\n\t\t\t\t\t<h2 class=\"elementor-heading-title elementor-size-default\">Direcci\u00f3 d'art<\/h2>\t\t\t\t<\/div>\n\t\t\t\t<\/div>\n\t\t\t\t<\/div>\n\t\t\t\t<\/div>\n\t\t","protected":false},"excerpt":{"rendered":"<p>Gesti\u00f3 de Projectes Naming Estrat\u00e8gia de Marca Identitat Visual Aplicacions Gr\u00e0fiques Branding aplicat a l&#8217;espai Disseny Espacial Producci\u00f3 Executiva Direcci\u00f3 d&#8217;art<\/p>\n","protected":false},"author":1,"featured_media":0,"parent":0,"menu_order":0,"comment_status":"closed","ping_status":"closed","template":"","meta":{"_acf_changed":false,"footnotes":""},"class_list":["post-3790","page","type-page","status-publish","hentry"],"acf":[],"yoast_head":"<!-- This site is optimized with the Yoast SEO plugin v27.3 - https:\/\/yoast.com\/product\/yoast-seo-wordpress\/ -->\n<title>Serveis - Providencia<\/title>\n<meta name=\"robots\" content=\"index, follow, max-snippet:-1, max-image-preview:large, max-video-preview:-1\" \/>\n<link rel=\"canonical\" href=\"https:\/\/providenciastudio.com\/ca\/serveis\/\" \/>\n<meta property=\"og:locale\" content=\"ca_ES\" \/>\n<meta property=\"og:type\" content=\"article\" \/>\n<meta property=\"og:title\" content=\"Serveis - Providencia\" \/>\n<meta property=\"og:description\" content=\"Gesti\u00f3 de Projectes Naming Estrat\u00e8gia de Marca Identitat Visual Aplicacions Gr\u00e0fiques Branding aplicat a l&#8217;espai Disseny Espacial Producci\u00f3 Executiva Direcci\u00f3 d&#8217;art\" \/>\n<meta property=\"og:url\" content=\"https:\/\/providenciastudio.com\/ca\/serveis\/\" \/>\n<meta property=\"og:site_name\" content=\"Providencia\" \/>\n<meta property=\"article:modified_time\" content=\"2025-11-27T14:30:40+00:00\" \/>\n<meta name=\"twitter:card\" content=\"summary_large_image\" \/>\n<script type=\"application\/ld+json\" class=\"yoast-schema-graph\">{\"@context\":\"https:\\\/\\\/schema.org\",\"@graph\":[{\"@type\":\"WebPage\",\"@id\":\"https:\\\/\\\/providenciastudio.com\\\/ca\\\/serveis\\\/\",\"url\":\"https:\\\/\\\/providenciastudio.com\\\/ca\\\/serveis\\\/\",\"name\":\"Serveis - Providencia\",\"isPartOf\":{\"@id\":\"https:\\\/\\\/providenciastudio.com\\\/ca\\\/#website\"},\"datePublished\":\"2025-05-02T10:45:35+00:00\",\"dateModified\":\"2025-11-27T14:30:40+00:00\",\"breadcrumb\":{\"@id\":\"https:\\\/\\\/providenciastudio.com\\\/ca\\\/serveis\\\/#breadcrumb\"},\"inLanguage\":\"ca\",\"potentialAction\":[{\"@type\":\"ReadAction\",\"target\":[\"https:\\\/\\\/providenciastudio.com\\\/ca\\\/serveis\\\/\"]}]},{\"@type\":\"BreadcrumbList\",\"@id\":\"https:\\\/\\\/providenciastudio.com\\\/ca\\\/serveis\\\/#breadcrumb\",\"itemListElement\":[{\"@type\":\"ListItem\",\"position\":1,\"name\":\"Portada\",\"item\":\"https:\\\/\\\/providenciastudio.com\\\/ca\\\/providencia\\\/\"},{\"@type\":\"ListItem\",\"position\":2,\"name\":\"Serveis\"}]},{\"@type\":\"WebSite\",\"@id\":\"https:\\\/\\\/providenciastudio.com\\\/ca\\\/#website\",\"url\":\"https:\\\/\\\/providenciastudio.com\\\/ca\\\/\",\"name\":\"Providencia\",\"description\":\"\",\"publisher\":{\"@id\":\"https:\\\/\\\/providenciastudio.com\\\/ca\\\/#organization\"},\"potentialAction\":[{\"@type\":\"SearchAction\",\"target\":{\"@type\":\"EntryPoint\",\"urlTemplate\":\"https:\\\/\\\/providenciastudio.com\\\/ca\\\/?s={search_term_string}\"},\"query-input\":{\"@type\":\"PropertyValueSpecification\",\"valueRequired\":true,\"valueName\":\"search_term_string\"}}],\"inLanguage\":\"ca\"},{\"@type\":\"Organization\",\"@id\":\"https:\\\/\\\/providenciastudio.com\\\/ca\\\/#organization\",\"name\":\"Providencia\",\"url\":\"https:\\\/\\\/providenciastudio.com\\\/ca\\\/\",\"logo\":{\"@type\":\"ImageObject\",\"inLanguage\":\"ca\",\"@id\":\"https:\\\/\\\/providenciastudio.com\\\/ca\\\/#\\\/schema\\\/logo\\\/image\\\/\",\"url\":\"https:\\\/\\\/providenciastudio.com\\\/wp-content\\\/uploads\\\/2025\\\/09\\\/ProvidenciaStudio-logo.svg\",\"contentUrl\":\"https:\\\/\\\/providenciastudio.com\\\/wp-content\\\/uploads\\\/2025\\\/09\\\/ProvidenciaStudio-logo.svg\",\"width\":669,\"height\":103,\"caption\":\"Providencia\"},\"image\":{\"@id\":\"https:\\\/\\\/providenciastudio.com\\\/ca\\\/#\\\/schema\\\/logo\\\/image\\\/\"}}]}<\/script>\n<!-- \/ Yoast SEO plugin. -->","yoast_head_json":{"title":"Serveis - Providencia","robots":{"index":"index","follow":"follow","max-snippet":"max-snippet:-1","max-image-preview":"max-image-preview:large","max-video-preview":"max-video-preview:-1"},"canonical":"https:\/\/providenciastudio.com\/ca\/serveis\/","og_locale":"ca_ES","og_type":"article","og_title":"Serveis - Providencia","og_description":"Gesti\u00f3 de Projectes Naming Estrat\u00e8gia de Marca Identitat Visual Aplicacions Gr\u00e0fiques Branding aplicat a l&#8217;espai Disseny Espacial Producci\u00f3 Executiva Direcci\u00f3 d&#8217;art","og_url":"https:\/\/providenciastudio.com\/ca\/serveis\/","og_site_name":"Providencia","article_modified_time":"2025-11-27T14:30:40+00:00","twitter_card":"summary_large_image","schema":{"@context":"https:\/\/schema.org","@graph":[{"@type":"WebPage","@id":"https:\/\/providenciastudio.com\/ca\/serveis\/","url":"https:\/\/providenciastudio.com\/ca\/serveis\/","name":"Serveis - Providencia","isPartOf":{"@id":"https:\/\/providenciastudio.com\/ca\/#website"},"datePublished":"2025-05-02T10:45:35+00:00","dateModified":"2025-11-27T14:30:40+00:00","breadcrumb":{"@id":"https:\/\/providenciastudio.com\/ca\/serveis\/#breadcrumb"},"inLanguage":"ca","potentialAction":[{"@type":"ReadAction","target":["https:\/\/providenciastudio.com\/ca\/serveis\/"]}]},{"@type":"BreadcrumbList","@id":"https:\/\/providenciastudio.com\/ca\/serveis\/#breadcrumb","itemListElement":[{"@type":"ListItem","position":1,"name":"Portada","item":"https:\/\/providenciastudio.com\/ca\/providencia\/"},{"@type":"ListItem","position":2,"name":"Serveis"}]},{"@type":"WebSite","@id":"https:\/\/providenciastudio.com\/ca\/#website","url":"https:\/\/providenciastudio.com\/ca\/","name":"Providencia","description":"","publisher":{"@id":"https:\/\/providenciastudio.com\/ca\/#organization"},"potentialAction":[{"@type":"SearchAction","target":{"@type":"EntryPoint","urlTemplate":"https:\/\/providenciastudio.com\/ca\/?s={search_term_string}"},"query-input":{"@type":"PropertyValueSpecification","valueRequired":true,"valueName":"search_term_string"}}],"inLanguage":"ca"},{"@type":"Organization","@id":"https:\/\/providenciastudio.com\/ca\/#organization","name":"Providencia","url":"https:\/\/providenciastudio.com\/ca\/","logo":{"@type":"ImageObject","inLanguage":"ca","@id":"https:\/\/providenciastudio.com\/ca\/#\/schema\/logo\/image\/","url":"https:\/\/providenciastudio.com\/wp-content\/uploads\/2025\/09\/ProvidenciaStudio-logo.svg","contentUrl":"https:\/\/providenciastudio.com\/wp-content\/uploads\/2025\/09\/ProvidenciaStudio-logo.svg","width":669,"height":103,"caption":"Providencia"},"image":{"@id":"https:\/\/providenciastudio.com\/ca\/#\/schema\/logo\/image\/"}}]}},"_links":{"self":[{"href":"https:\/\/providenciastudio.com\/ca\/wp-json\/wp\/v2\/pages\/3790","targetHints":{"allow":["GET"]}}],"collection":[{"href":"https:\/\/providenciastudio.com\/ca\/wp-json\/wp\/v2\/pages"}],"about":[{"href":"https:\/\/providenciastudio.com\/ca\/wp-json\/wp\/v2\/types\/page"}],"author":[{"embeddable":true,"href":"https:\/\/providenciastudio.com\/ca\/wp-json\/wp\/v2\/users\/1"}],"replies":[{"embeddable":true,"href":"https:\/\/providenciastudio.com\/ca\/wp-json\/wp\/v2\/comments?post=3790"}],"version-history":[{"count":0,"href":"https:\/\/providenciastudio.com\/ca\/wp-json\/wp\/v2\/pages\/3790\/revisions"}],"wp:attachment":[{"href":"https:\/\/providenciastudio.com\/ca\/wp-json\/wp\/v2\/media?parent=3790"}],"curies":[{"name":"wp","href":"https:\/\/api.w.org\/{rel}","templated":true}]}}